{"id":944,"date":"2016-11-02T13:48:00","date_gmt":"2016-11-02T13:48:00","guid":{"rendered":"http:\/\/demo-content.kaliumtheme.com\/fashion\/product\/openwork-wraparound\/"},"modified":"2025-11-18T13:18:30","modified_gmt":"2025-11-18T13:18:30","slug":"coppia-asciugamani-aida-burano-sedano","status":"publish","type":"product","link":"https:\/\/shop.zaebel.it\/en\/negozio\/asciugamani-bagno\/set-di-asciugamani\/linea-aida-burano\/coppia-asciugamani-aida-burano-sedano\/","title":{"rendered":"Coppia Asciugamani Aida Burano Sedano"},"content":{"rendered":"<p>Caratteristiche principali:<\/p>\n<p>\u2022 Prodotto in Italia <img decoding=\"async\" class=\"emoji\" role=\"img\" src=\"https:\/\/s.w.org\/images\/core\/emoji\/13.0.0\/svg\/1f1ee-1f1f9.svg\" alt=\"\ud83c\uddee\ud83c\uddf9\" \/><\/p>\n<p>\u2022 Dimensioni Viso: 60\u00d7105 cm<\/p>\n<p>\u2022 Dimensioni Ospite: 40&#215;55 cm<\/p>\n<p>\u2022 Peso: 500 g\/m\u00b2<\/p>\n<p>\u2022 Realizzato 100% in cotone<\/p>\n<p>\u2022 Certificazione OEKO-TEX\u00ae Standard 100, a tutela della sicurezza e della qualit\u00e0 delle materie prime.<\/p>\n<p>Lavabili tranquillamente in lavatrice, si consiglia di lavare separatamente per almeno due o tre cicli per garantire la massima durata nel tempo.<\/p>","protected":false},"excerpt":{"rendered":"<p>Scopri la nostra favolosa spugna 100% Made in Italy con un esclusivo disegno Pliss\u00e9 lungo il bordo in Aida.<\/p>\n<p>Questa parure di asciugamani \u00e8 veramente unica e diventer\u00e0 ancora pi\u00f9 speciale grazie al tuo tocco personale di punto croce.<\/p>","protected":false},"featured_media":9548,"template":"","meta":[],"product_brand":[],"product_cat":[182,184],"product_tag":[],"class_list":{"0":"post-944","1":"product","2":"type-product","3":"status-publish","4":"has-post-thumbnail","6":"product_cat-linea-aida-burano","7":"product_cat-set-di-asciugamani","9":"first","10":"instock","11":"taxable","12":"shipping-taxable","13":"purchasable","14":"product-type-simple"},"jetpack_sharing_enabled":true,"_links":{"self":[{"href":"https:\/\/shop.zaebel.it\/en\/wp-json\/wp\/v2\/product\/944","targetHints":{"allow":["GET"]}}],"collection":[{"href":"https:\/\/shop.zaebel.it\/en\/wp-json\/wp\/v2\/product"}],"about":[{"href":"https:\/\/shop.zaebel.it\/en\/wp-json\/wp\/v2\/types\/product"}],"wp:featuredmedia":[{"embeddable":true,"href":"https:\/\/shop.zaebel.it\/en\/wp-json\/wp\/v2\/media\/9548"}],"wp:attachment":[{"href":"https:\/\/shop.zaebel.it\/en\/wp-json\/wp\/v2\/media?parent=944"}],"wp:term":[{"taxonomy":"product_brand","embeddable":true,"href":"https:\/\/shop.zaebel.it\/en\/wp-json\/wp\/v2\/product_brand?post=944"},{"taxonomy":"product_cat","embeddable":true,"href":"https:\/\/shop.zaebel.it\/en\/wp-json\/wp\/v2\/product_cat?post=944"},{"taxonomy":"product_tag","embeddable":true,"href":"https:\/\/shop.zaebel.it\/en\/wp-json\/wp\/v2\/product_tag?post=944"}],"curies":[{"name":"wp","href":"https:\/\/api.w.org\/{rel}","templated":true}]}}