{"id":2454,"date":"2021-01-10T20:59:00","date_gmt":"2021-01-10T20:59:00","guid":{"rendered":"https:\/\/shop.zaebel.it\/?post_type=product&#038;p=2454"},"modified":"2026-01-16T17:09:36","modified_gmt":"2026-01-16T17:09:36","slug":"accappatoio-in-spugna-noce","status":"publish","type":"product","link":"https:\/\/shop.zaebel.it\/en\/negozio\/accappatoi\/accappatoio-in-spugna-noce\/","title":{"rendered":"Accappatoio in Spugna Noce"},"content":{"rendered":"<div class=\"wpb-content-wrapper\"><div data-parent=\"true\" class=\"vc_row row-container\" id=\"row-unique-0\"><div class=\"row triple-top-padding triple-bottom-padding quad-h-padding full-width row-parent\"><div class=\"wpb_row row-inner\"><div class=\"wpb_column pos-top pos-center align_left column_parent col-lg-12 single-internal-gutter\"><div class=\"uncol style-light\"  ><div class=\"uncoltable\"><div class=\"uncell no-block-padding\" ><div class=\"uncont\" ><div class=\"vc_row row-internal row-container\"><div class=\"row row-child\"><div class=\"wpb_row row-inner\"><div class=\"wpb_column pos-top pos-center align_center column_child col-lg-12 half-internal-gutter\"><div class=\"uncol style-light\" ><div class=\"uncoltable\"><div class=\"uncell no-block-padding\" ><div class=\"uncont\" style=\" max-width:660px;\" ><div class=\"vc_custom_heading_wrap\"><div class=\"heading-text el-text\" ><h3 class=\"h1\" ><span>Comfort Quotidiano<\/span><\/h3><\/div><div class=\"clear\"><\/div><\/div><div class=\"uncode_text_column text-lead\" ><p>Eleva il tuo comfort con il nostro <strong data-start=\"492\" data-end=\"541\">accappatoio in spugna di cotone 100% idrofilo<\/strong>, progettato per avvolgerti in una morbidezza impareggiabile dopo ogni doccia o bagno. La sua vestibilit\u00e0 rilassata e la grammatura da <strong data-start=\"676\" data-end=\"688\">400 g\/m\u00b2<\/strong> assicurano un\u2019asciugatura rapida e un calore naturale, perfetto per ogni stagione.<\/p>\n<\/div><\/div><\/div><\/div><\/div><\/div><\/div><\/div><\/div><div class=\"uncode-single-media  text-left\"><div class=\"single-wrapper\" style=\"max-width: 100%;\"><div class=\"tmb tmb-light  tmb-img-ratio tmb-media-first tmb-media-last tmb-content-overlay tmb-no-bg\"><div class=\"t-inside\"><div class=\"t-entry-visual\"><div class=\"t-entry-visual-tc\"><div class=\"uncode-single-media-wrapper\"><div class=\"dummy\" style=\"padding-top: 50%;\"><\/div><img fetchpriority=\"high\" decoding=\"async\" class=\"wp-image-159240\" src=\"https:\/\/shop.zaebel.it\/wp-content\/uploads\/2022\/04\/modella-accappatoio-bagno-scaled-uai-2560x1280.jpg\" width=\"2560\" height=\"1280\" alt=\"\" srcset=\"https:\/\/shop.zaebel.it\/wp-content\/uploads\/2022\/04\/modella-accappatoio-bagno-scaled-uai-2560x1280.jpg 2560w, https:\/\/shop.zaebel.it\/wp-content\/uploads\/2022\/04\/modella-accappatoio-bagno-scaled-uai-720x360.jpg 720w\" sizes=\"(max-width: 2560px) 100vw, 2560px\" \/><\/div>\n\t\t\t\t\t<\/div>\n\t\t\t\t<\/div><\/div><\/div><\/div><\/div><\/div><\/div><\/div><\/div><\/div><script id=\"script-row-unique-0\" data-row=\"script-row-unique-0\" type=\"text\/javascript\" class=\"vc_controls\">UNCODE.initRow(document.getElementById(\"row-unique-0\"));<\/script><\/div><\/div><\/div><div data-parent=\"true\" class=\"vc_row row-container\" id=\"row-unique-1\"><div class=\"row col-double-gutter no-top-padding no-bottom-padding single-h-padding limit-width row-parent\"><div class=\"wpb_row row-inner\"><div class=\"wpb_column pos-top pos-center align_left column_parent col-lg-4 col-md-33 half-internal-gutter\"><div class=\"uncol style-light\"  ><div class=\"uncoltable\"><div class=\"uncell no-block-padding\" ><div class=\"uncont\" ><div class=\"vc_custom_heading_wrap\"><div class=\"heading-text el-text\" ><h3 class=\"h4\" ><span>Produzione Italiana<\/span><\/h3><\/div><div class=\"clear\"><\/div><\/div><div class=\"uncode_text_column\" ><p>Realizzato a <strong data-start=\"306\" data-end=\"323\">Busto Arsizio<\/strong>, nel cuore dell\u2019eccellenza tessile italiana. Ogni fase garantisce qualit\u00e0 e durata. <strong data-start=\"476\" data-end=\"503\">100% Made in Italy \ud83c\uddee\ud83c\uddf9<\/strong>, sinonimo di stile e tradizione.<\/p>\n<\/div><div class=\"empty-space empty-half\" ><span class=\"empty-space-inner\"><\/span><\/div>\n<div class=\"vc_custom_heading_wrap\"><div class=\"heading-text el-text\" ><h3 class=\"h4\" ><span>Cotone di Qualit\u00e0<\/span><\/h3><\/div><div class=\"clear\"><\/div><\/div><div class=\"uncode_text_column\" ><p>In <strong data-start=\"574\" data-end=\"617\">spugna di cotone idrofila <\/strong>di<strong data-start=\"574\" data-end=\"617\"> alta qualit\u00e0<\/strong>, morbido, traspirante e altamente assorbente. Le fibre naturali mantengono forma e consistenza anche dopo numerosi lavaggi.<\/p>\n<\/div><\/div><\/div><\/div><\/div><\/div><div class=\"wpb_column pos-top pos-center align_left column_parent col-lg-4 col-md-33 half-internal-gutter\"><div class=\"uncol style-light\"  ><div class=\"uncoltable\"><div class=\"uncell no-block-padding\" ><div class=\"uncont\" ><div class=\"vc_custom_heading_wrap\"><div class=\"heading-text el-text\" ><h3 class=\"h4\" ><span>Praticit\u00e0<\/span><\/h3><\/div><div class=\"clear\"><\/div><\/div><div class=\"uncode_text_column\" ><\/p>\n<p data-start=\"805\" data-end=\"1096\">Cappuccio, cintura regolabile e ampie tasche. Struttura compatta e cuciture rinforzate per resistenza e praticit\u00e0, perfetto per uso quotidiano o in viaggio.<\/p>\n<p>\n<\/div><div class=\"empty-space empty-half\" ><span class=\"empty-space-inner\"><\/span><\/div>\n<div class=\"vc_custom_heading_wrap\"><div class=\"heading-text el-text\" ><h3 class=\"h4\" ><span>OEKO-TEX\u00ae Standard 100<\/span><\/h3><\/div><div class=\"clear\"><\/div><\/div><div class=\"uncode_text_column\" ><p>Testato secondo <strong data-start=\"987\" data-end=\"1013\">OEKO-TEX\u00ae Standard 100<\/strong>, garantisce assenza di sostanze nocive e compatibilit\u00e0 con la pelle pi\u00f9 sensibile. Qualit\u00e0 e sicurezza certificate.<\/p>\n<\/div><\/div><\/div><\/div><\/div><\/div><div class=\"wpb_column pos-top pos-center align_left column_parent col-lg-4 col-md-33 half-internal-gutter\"><div class=\"uncol style-light\"  ><div class=\"uncoltable\"><div class=\"uncell no-block-padding\" ><div class=\"uncont\" ><div class=\"vc_custom_heading_wrap\"><div class=\"heading-text el-text\" ><h3 class=\"h4\" ><span>Vestibilit\u00e0 e Design<\/span><\/h3><\/div><div class=\"clear\"><\/div><\/div><div class=\"uncode_text_column\" ><p>Linea unisex comoda e rilassata, taglio lungo per maggiore copertura e comfort. Disponibile in diverse taglie e colori coordinati per allinearsi al tuo bagno.<\/p>\n<\/div><div class=\"empty-space empty-half\" ><span class=\"empty-space-inner\"><\/span><\/div>\n<div class=\"vc_custom_heading_wrap\"><div class=\"heading-text el-text\" ><h3 class=\"h4\" ><span>Cura del Prodotto<\/span><\/h3><\/div><div class=\"clear\"><\/div><\/div><div class=\"uncode_text_column\" ><\/p>\n<p data-start=\"2045\" data-end=\"2304\">Lavare in lavatrice a 40\u00b0C, evitare candeggina e ammorbidenti aggressivi. Asciugare a bassa temperatura o all\u2019aria aperta. Mantiene morbidezza e comfort nel tempo.<\/p>\n<p>\n<\/div><\/div><\/div><\/div><\/div><\/div><script id=\"script-row-unique-1\" data-row=\"script-row-unique-1\" type=\"text\/javascript\" class=\"vc_controls\">UNCODE.initRow(document.getElementById(\"row-unique-1\"));<\/script><\/div><\/div><\/div><div data-parent=\"true\" class=\"vc_row row-container\" id=\"row-unique-2\"><div class=\"row col-double-gutter triple-top-padding triple-bottom-padding quad-h-padding full-width row-parent\"><div class=\"wpb_row row-inner\"><div class=\"wpb_column pos-top pos-center align_left column_parent col-lg-7 single-internal-gutter\"><div class=\"uncol style-light\"  ><div class=\"uncoltable\"><div class=\"uncell no-block-padding\" ><div class=\"uncont\" ><div class=\"uncode-single-media  text-left\"><div class=\"single-wrapper\" style=\"max-width: 100%;\"><div class=\"tmb tmb-light  tmb-img-ratio tmb-media-first tmb-media-last tmb-content-overlay tmb-no-bg\"><div class=\"t-inside\"><div class=\"t-entry-visual\"><div class=\"t-entry-visual-tc\"><div class=\"uncode-single-media-wrapper\"><div class=\"dummy\" style=\"padding-top: 75%;\"><\/div><img decoding=\"async\" class=\"wp-image-9803\" src=\"https:\/\/shop.zaebel.it\/wp-content\/uploads\/2025\/11\/Accappatoio-in-Spugna-Noce-1-uai-1024x768.jpg\" width=\"1024\" height=\"768\" alt=\"\" srcset=\"https:\/\/shop.zaebel.it\/wp-content\/uploads\/2025\/11\/Accappatoio-in-Spugna-Noce-1-uai-1024x768.jpg 1024w, https:\/\/shop.zaebel.it\/wp-content\/uploads\/2025\/11\/Accappatoio-in-Spugna-Noce-1-uai-720x540.jpg 720w\" sizes=\"(max-width: 1024px) 100vw, 1024px\" \/><\/div>\n\t\t\t\t\t<\/div>\n\t\t\t\t<\/div><\/div><\/div><\/div><\/div><\/div><\/div><\/div><\/div><\/div><div class=\"wpb_column pos-middle pos-center align_left column_parent col-lg-5 single-internal-gutter\"><div class=\"uncol style-light\"  ><div class=\"uncoltable\"><div class=\"uncell no-block-padding\" ><div class=\"uncont\" ><div class=\"vc_custom_heading_wrap\"><div class=\"heading-text el-text\" ><h3 class=\"h1\" ><span>Spugna soffice e assorbente, per una sensazione di lusso quotidiano.<\/span><\/h3><\/div><div class=\"clear\"><\/div><\/div><div class=\"uncode_text_column text-lead\" ><p>Un capo Made in Italy, soffice e traspirante, pensato per offrire comfort quotidiano in ogni momento di relax. Ideale per casa, spa o palestra, combina eleganza e funzionalit\u00e0 in ogni dettaglio.<\/p>\n<\/div><div class=\"vc_row row-internal row-container\"><div class=\"row row-child\"><div class=\"wpb_row row-inner\"><div class=\"wpb_column pos-top pos-center align_left column_child col-lg-6 col-md-50 single-internal-gutter\"><div class=\"uncol style-light\" ><div class=\"uncoltable\"><div class=\"uncell no-block-padding\" ><div class=\"uncont\" ><div class=\"vc_custom_heading_wrap\"><div class=\"heading-text el-text\" ><h3 class=\"h4\" ><span>Morbidezza<\/span><\/h3><div><p>La vestibilit\u00e0 morbida e avvolgente regala libert\u00e0 di movimento e una sensazione piacevole sulla pelle.<\/p>\n<\/div><\/div><div class=\"clear\"><\/div><\/div><\/div><\/div><\/div><\/div><\/div><div class=\"wpb_column pos-top pos-center align_left column_child col-lg-6 col-md-50 single-internal-gutter\"><div class=\"uncol style-light\" ><div class=\"uncoltable\"><div class=\"uncell no-block-padding\" ><div class=\"uncont\" ><div class=\"vc_custom_heading_wrap\"><div class=\"heading-text el-text\" ><h3 class=\"h4\" ><span>Calore<\/span><\/h3><div><p>La spugna compatta trattiene il calore naturale del corpo, mantenendo la pelle asciutta e confortevole in ogni stagione.<\/p>\n<\/div><\/div><div class=\"clear\"><\/div><\/div><\/div><\/div><\/div><\/div><\/div><\/div><\/div><\/div><\/div><\/div><\/div><\/div><\/div><script id=\"script-row-unique-2\" data-row=\"script-row-unique-2\" type=\"text\/javascript\" class=\"vc_controls\">UNCODE.initRow(document.getElementById(\"row-unique-2\"));<\/script><\/div><\/div><\/div><div data-parent=\"true\" class=\"vc_row inverted-device-order row-container\" id=\"row-unique-3\"><div class=\"row unequal col-double-gutter no-top-padding single-bottom-padding single-h-padding limit-width row-parent\"><div class=\"wpb_row row-inner\"><div class=\"wpb_column pos-middle pos-center align_left column_parent col-lg-5 single-internal-gutter\"><div class=\"uncol style-light\"  ><div class=\"uncoltable\"><div class=\"uncell no-block-padding\" ><div class=\"uncont\" ><div class=\"vc_custom_heading_wrap\"><div class=\"heading-text el-text\" ><h3 class=\"h1\" ><span>Il Regalo Perfetto per Coccolare Chi Ami<\/span><\/h3><\/div><div class=\"clear\"><\/div><\/div><div class=\"uncode_text_column text-lead\" ><p>Un asciugamano in spugna di cotone 100% idrofilo, morbido e resistente, ideale per coccolare chi ami. L\u2019alta assorbenza e la finitura curata lo rendono <strong data-start=\"445\" data-end=\"468\">pratico e raffinato<\/strong>, perfetto come regalo per occasioni speciali o per completare un set bagno elegante Made in Italy.<\/p>\n<\/div><div class=\"vc_row row-internal row-container\"><div class=\"row row-child\"><div class=\"wpb_row row-inner\"><div class=\"wpb_column pos-top pos-center align_left column_child col-lg-6 col-md-50 single-internal-gutter\"><div class=\"uncol style-light\" ><div class=\"uncoltable\"><div class=\"uncell no-block-padding\" ><div class=\"uncont\" ><div class=\"vc_custom_heading_wrap\"><div class=\"heading-text el-text\" ><h3 class=\"h4\" ><span>Stile Raffinato<\/span><\/h3><div><p>Disponibile in tonalit\u00e0 classiche, questo asciugamano abbina funzionalit\u00e0 e design sofisticato, per un regalo elegante e di qualit\u00e0.<\/p>\n<\/div><\/div><div class=\"clear\"><\/div><\/div><\/div><\/div><\/div><\/div><\/div><div class=\"wpb_column pos-top pos-center align_left column_child col-lg-6 col-md-50 single-internal-gutter\"><div class=\"uncol style-light\" ><div class=\"uncoltable\"><div class=\"uncell no-block-padding\" ><div class=\"uncont\" ><div class=\"vc_custom_heading_wrap\"><div class=\"heading-text el-text\" ><h3 class=\"h4\" ><span>Confezione Regalo<\/span><\/h3><div><p>Aggiungi la confezione regalo all'acquisto, una soluzione pratica ed elegante per rendere il tuo regalo subito perfetto.<\/p>\n<\/div><\/div><div class=\"clear\"><\/div><\/div><\/div><\/div><\/div><\/div><\/div><\/div><\/div><\/div><\/div><\/div><\/div><\/div><\/div><div class=\"wpb_column pos-top pos-center align_left column_parent col-lg-7 single-internal-gutter\"><div class=\"uncol style-light\"  ><div class=\"uncoltable\"><div class=\"uncell no-block-padding\" ><div class=\"uncont\" ><div class=\"uncode-single-media  text-left\"><div class=\"single-wrapper\" style=\"max-width: 100%;\"><div class=\"tmb tmb-light  tmb-img-ratio tmb-media-first tmb-media-last tmb-content-overlay tmb-no-bg\"><div class=\"t-inside\"><div class=\"t-entry-visual\"><div class=\"t-entry-visual-tc\"><div class=\"uncode-single-media-wrapper\"><div class=\"dummy\" style=\"padding-top: 100%;\"><\/div><img decoding=\"async\" class=\"wp-image-9796\" src=\"https:\/\/shop.zaebel.it\/wp-content\/uploads\/2025\/11\/Accappatoio-in-Spugna-Avorio.jpg\" width=\"1024\" height=\"1024\" alt=\"\" srcset=\"https:\/\/shop.zaebel.it\/wp-content\/uploads\/2025\/11\/Accappatoio-in-Spugna-Avorio.jpg 1024w, https:\/\/shop.zaebel.it\/wp-content\/uploads\/2025\/11\/Accappatoio-in-Spugna-Avorio-300x300.jpg 300w, https:\/\/shop.zaebel.it\/wp-content\/uploads\/2025\/11\/Accappatoio-in-Spugna-Avorio-150x150.jpg 150w, https:\/\/shop.zaebel.it\/wp-content\/uploads\/2025\/11\/Accappatoio-in-Spugna-Avorio-768x768.jpg 768w, https:\/\/shop.zaebel.it\/wp-content\/uploads\/2025\/11\/Accappatoio-in-Spugna-Avorio-12x12.jpg 12w, https:\/\/shop.zaebel.it\/wp-content\/uploads\/2025\/11\/Accappatoio-in-Spugna-Avorio-650x650.jpg 650w, https:\/\/shop.zaebel.it\/wp-content\/uploads\/2025\/11\/Accappatoio-in-Spugna-Avorio-600x600.jpg 600w, https:\/\/shop.zaebel.it\/wp-content\/uploads\/2025\/11\/Accappatoio-in-Spugna-Avorio-100x100.jpg 100w, https:\/\/shop.zaebel.it\/wp-content\/uploads\/2025\/11\/Accappatoio-in-Spugna-Avorio-uai-720x720.jpg 720w\" sizes=\"(max-width: 1024px) 100vw, 1024px\" \/><\/div>\n\t\t\t\t\t<\/div>\n\t\t\t\t<\/div><\/div><\/div><\/div><\/div><\/div><\/div><\/div><\/div><\/div><script id=\"script-row-unique-3\" data-row=\"script-row-unique-3\" type=\"text\/javascript\" class=\"vc_controls\">UNCODE.initRow(document.getElementById(\"row-unique-3\"));<\/script><\/div><\/div><\/div>\n<\/div>","protected":false},"excerpt":{"rendered":"<p>Eleva il tuo comfort con il nostro accappatoio in spugna unisex 100% Made in Italy, realizzato in morbida spugna di cotone idrofilo e una grammatura di 400 g\/m\u00b2 per un&#8217;assorbenza ottimale e una sensazione di benessere sulla tua pelle. Dotato di cappuccio, cintura e pratiche tasche.<\/p>","protected":false},"featured_media":9559,"template":"","meta":[],"product_brand":[],"product_cat":[185],"product_tag":[],"class_list":{"0":"post-2454","1":"product","2":"type-product","3":"status-publish","4":"has-post-thumbnail","6":"product_cat-accappatoi","8":"first","9":"instock","10":"taxable","11":"shipping-taxable","12":"purchasable","13":"product-type-variable"},"jetpack_sharing_enabled":true,"_links":{"self":[{"href":"https:\/\/shop.zaebel.it\/en\/wp-json\/wp\/v2\/product\/2454","targetHints":{"allow":["GET"]}}],"collection":[{"href":"https:\/\/shop.zaebel.it\/en\/wp-json\/wp\/v2\/product"}],"about":[{"href":"https:\/\/shop.zaebel.it\/en\/wp-json\/wp\/v2\/types\/product"}],"wp:featuredmedia":[{"embeddable":true,"href":"https:\/\/shop.zaebel.it\/en\/wp-json\/wp\/v2\/media\/9559"}],"wp:attachment":[{"href":"https:\/\/shop.zaebel.it\/en\/wp-json\/wp\/v2\/media?parent=2454"}],"wp:term":[{"taxonomy":"product_brand","embeddable":true,"href":"https:\/\/shop.zaebel.it\/en\/wp-json\/wp\/v2\/product_brand?post=2454"},{"taxonomy":"product_cat","embeddable":true,"href":"https:\/\/shop.zaebel.it\/en\/wp-json\/wp\/v2\/product_cat?post=2454"},{"taxonomy":"product_tag","embeddable":true,"href":"https:\/\/shop.zaebel.it\/en\/wp-json\/wp\/v2\/product_tag?post=2454"}],"curies":[{"name":"wp","href":"https:\/\/api.w.org\/{rel}","templated":true}]}}