{"id":377,"date":"2016-10-24T13:26:20","date_gmt":"2016-10-24T13:26:20","guid":{"rendered":"http:\/\/demo-content.kaliumtheme.com\/fashion\/?page_id=377"},"modified":"2024-03-05T07:55:38","modified_gmt":"2024-03-05T07:55:38","slug":"termini-e-condizioni","status":"publish","type":"page","link":"https:\/\/shop.zaebel.it\/en\/termini-e-condizioni\/","title":{"rendered":"Termini e Condizioni"},"content":{"rendered":"<p>Le presenti condizioni generali di vendita (d\u2019ora in poi per brevit\u00e0 anche CGV) disciplinano gli acquisti a distanza dei Prodotti effettuati sul Sito web di e-commerce shop.zaebel.it (d\u2019ora in poi per brevit\u00e0 anche \u201cSito\u201d).<\/p>\n\n\n\n<p><strong>Le parti del Contratto e accesso al servizio di acquisto on line dei prodotti<\/strong><br>Il Cliente prende atto che Tessitura Za&amp;bel S.R.L., con sede legale in Via Massari Marzoli 13\/15 \u2013 21052 Busto Arsizio (VA), capitale sociale Euro 100.000,00, P.IVA 02432710123, telefono 0331.341480, PEC: <span \n                data-original-string='Tz8s8kpURTxt3tWUcV8nsg==f47qIp5Crx5IWkd1xkckf+9BA=='\n                class='apbct-email-encoder'\n                title='This contact has been encoded by Anti-Spam by CleanTalk. Click to decode. To finish the decoding make sure that JavaScript is enabled in your browser.'>za<span class=\"apbct-blur\">****<\/span>@<span class=\"apbct-blur\">*<\/span>ec.it<\/span>, E-mail: <span \n                data-original-string='if70rzsd+DTdIjQA5uc\/0w==f479KmN8YCluvQi0wguwfOvIQ=='\n                class='apbct-email-encoder'\n                title='This contact has been encoded by Anti-Spam by CleanTalk. Click to decode. To finish the decoding make sure that JavaScript is enabled in your browser.'>in<span class=\"apbct-blur\">**<\/span>@<span class=\"apbct-blur\">****<\/span>el.it<\/span> \u00e8 proprietaria e soggetto titolare del nome a dominio del Sito web shop.zaebel.it nonch\u00e9 venditrice dei Prodotti e parte contrattuale con il Cliente ai sensi delle presenti condizioni generali di vendita.<\/p>\n\n\n\n<p>Le credenziali di registrazione permettono al Cliente di effettuare ordini di acquisto sul Sito e di svolgere eventuali attivit\u00e0 riservate agli utenti registrati. Esse devono essere conservate con estrema cura e attenzione, possono essere utilizzate solo dal Cliente e non possono essere cedute a terzi con impegno del Cliente stesso a mantenerle segrete. Il Cliente garantisce altres\u00ec che i Dati Personali forniti a Tessitura Za&amp;bel S.R.L. durante la procedura di registrazione e\/o in qualsiasi altro momento, sono completi e veritieri , e si impegna a tenere Tessitura Za&amp;bel S.R.L. indenne e manlevata da qualsiasi danno, obbligo risarcitorio e\/o sanzione derivante e\/o in qualsiasi modo collegata alla violazione da parte del Cliente delle garanzie sopra indicate e\/o alla violazione delle regole sulla registrazione al Sito, all\u2019acquisto sul Sito e\/o sulla conservazione delle credenziali di registrazione.<\/p>\n\n\n\n<p>Il Cliente prima di procedere alla trasmissione dell\u2019ordine \u00e8 tenuto a leggere attentamente tutte le informazioni che Tessitura Za&amp;bel S.R.L. gli fornisce tramite il Sito, ad esaminare e approvare le presenti CGV mediante selezione dell\u2019apposita casella messa a disposizione del Cliente durante la procedura di acquisto.<\/p>\n\n\n\n<p>Il Cliente si impegna e si obbliga, una volta conclusa la procedura di ordine on line, a stampare e conservare le presenti condizioni di fornitura, gi\u00e0 visionate ed accettate durante il procedimento di ordine effettuato.<\/p>\n\n\n\n<p>Le presenti CGV possono essere modificate in ogni momento. Eventuali modifiche e\/o nuove condizioni saranno in vigore dal momento della loro pubblicazione sul Sito. Il Cliente \u00e8 pertanto invitato ad accedere con regolarit\u00e0 al Sito e a consultare, prima di effettuare qualsiasi acquisto, la versione pi\u00f9 aggiornata delle CGV.<\/p>\n\n\n\n<p><strong>Conclusione del contratto<\/strong><\/p>\n\n\n\n<p>Il Cliente, dopo aver completato ed inoltrato il proprio ordine di acquisto, ricever\u00e0 sull\u2019account di posta elettronica segnalato in sede di registrazione un primo messaggio di posta elettronica ove Tessitura Za&amp;bel S.R.L. si limita a comunicare di aver ricevuto l\u2019ordine indicandone il relativo numero, i Prodotti scelti dal Cliente, i relativi prezzi (incluso i costi di trasporto).<\/p>\n\n\n\n<p>Qualunque sia la modalit\u00e0 di pagamento scelta, qualora Tessitura Za&amp;bel S.R.L. non riceva il pagamento entro 7 (sette) giorni lavorativi dalla data di inoltro dell\u2019ordine da parte del Cliente questo dovr\u00e0 ritenersi annullato per entrambi.<\/p>\n\n\n\n<p>Il contratto si perfeziona, dopo la ricezione del pagamento, con l\u2019invio da parte di Tessitura Za&amp;bel S.R.L. al Cliente di una e-mail di accettazione dell\u2019ordine contenente: i dati del Cliente, il numero d\u2019ordine, il prezzo della merce acquistata, la previsione circa la data di spedizione, le spese di spedizione e l\u2019indirizzo di consegna al quale sar\u00e0 inviata la merce nei tempi e modi indicati e riepilogati nella mail. Tessitura Za&amp;bel S.R.L. si riserva il diritto di accettare o meno gli ordini che verranno effettuati e comunque fino ad esaurimento della merce. I giorni di consegna vanno calcolati a partire dalla data di invio della mail di accettazione dell\u2019ordine. Viene in ogni caso escluso ogni diritto del Cliente a un risarcimento danni o indennizzo, nonch\u00e9 qualsiasi responsabilit\u00e0 contrattuale o extracontrattuale per danni diretti o indiretti a persone e\/o cose, provocati dalla mancata accettazione, anche parziale, di un ordine da parte di Tessitura Za&amp;bel S.R.L..<\/p>\n\n\n\n<p>Il Cliente s\u2019impegna a verificare la correttezza dei dati personali contenuti nella e-mail di accettazione dell\u2019ordine e a comunicare a Tessitura Za&amp;bel S.R.L. immediatamente e non oltre 24 ore dalla ricezione del messaggio eventuali correzioni.<\/p>\n\n\n\n<p>Si avvisa il Cliente che i dati della fatturazione e quelli di consegna dei Prodotti possono anche non coincidere: occorre pertanto verificare con attenzione la compilazione dei dati da inserire.<\/p>\n\n\n\n<p><strong>Modalit\u00e0 di archiviazione del contratto<\/strong><br>Ogni ordine sar\u00e0 conservato in forma elettronica secondo i criteri di riservatezza e sicurezza e i dati dello stesso saranno accessibili dal personale preposto da Tessitura Za&amp;bel S.R.L. alla sua esecuzione o da eventuali terzi incaricati di darvi esecuzione.<\/p>\n\n\n\n<p><strong>Disponibilit\u00e0 dei prodotti<\/strong><br>La disponibilit\u00e0 dei Prodotti indicata sul Sito si riferisce all\u2019effettiva disponibilit\u00e0 nel momento cui il Cliente effettua l\u2019ordine. Tale disponibilit\u00e0 deve comunque essere considerata indicativa perch\u00e8, per effetto della contemporanea presenza sul Sito di pi\u00f9 utenti, i Prodotti potrebbero essere venduti ad altri Clienti prima dell\u2019invio da parte di Tessitura Za&amp;bel S.R.L. della e-mail di accettazione dell\u2019ordine.<\/p>\n\n\n\n<p>In caso di indisponibilit\u00e0 dei Prodotti Tessitura Za&amp;bel S.R.L. si riserva pertanto la possibilit\u00e0 di informare via e-mail il Cliente, con la massima sollecitudine possibile, con eventuali previsioni aggiornate di consegna. Il Cliente potr\u00e0 chiedere la modifica dell\u2019ordine o il suo annullamento con restituzione del corrispondente importo se gi\u00e0 pagato. In questo caso Tessitura Za&amp;bel S.R.L. provveder\u00e0 al rimborso delle somme eventualmente gi\u00e0 corrisposte senza diritto da parte del Cliente ad alcun indennizzo o risarcimento di danni.<\/p>\n\n\n\n<p><strong>Prezzi dei prodotti<\/strong><\/p>\n\n\n\n<p>Tutti i Prodotti indicati sul Sito sono descritti in maniera dettagliata (qualit\u00e0, caratteristiche, prezzo). La scheda di ogni prodotto indica il prezzo di vendita Iva inclusa. I costi di spedizione saranno aggiunti al momento della chiusura dell\u2019ordine.<\/p>\n\n\n\n<p>Il prezzo dei Prodotti indicato sul Sito e visualizzabile dal Cliente al momento della scelta del prodotto sar\u00e0 quello in vigore all\u2019atto dell\u2019inoltro dell\u2019Ordine da parte del Cliente e corrisponder\u00e0 al prezzo di acquisto del prodotto. Tessitura Za&amp;bel S.R.L. si riserva il diritto di modificare in qualsiasi momento a sua esclusiva discrezione e senza preavviso il prezzo dei Prodotti presenti sul Sito e non fornisce alcuna garanzia in merito al fatto che il prezzo di vendita dei Prodotti rimanga invariato per un certo periodo di tempo. In ogni caso si precisa che l\u2019eventuale modifica del prezzo (sia in aumento che in diminuzione) non interesser\u00e0 gli ordini gi\u00e0 inoltrati i dal Cliente precedentemente alla data di entrata in vigore della variazione di prezzo. In caso di mancata accettazione dell\u2019Ordine o di annullamento di esso Tessitura Za&amp;bel S.R.L. non garantisce che il prezzo del prodotto rimanga identico nell\u2019eventuale successivo ordine effettuato dal Cliente.<\/p>\n\n\n\n<p>I prezzi di vendita esposti sul Sito sono da intendersi come validi esclusivamente per acquisti effettuati con un indirizzo di consegna sul territorio nazionale. Tessitura Za&amp;bel S.R.L. si riserva la possibilit\u00e0 di non effettuare la consegna della merce se non con destinazione nazionale; in alternativa, in accordo con il Cliente finale, sar\u00e0 possibile procedere comunque alla consegna dell\u2019ordine previo adeguamento sia del prezzo dei beni in esso contenuti, in relazione ai listini di vendita in vigore al momento dell\u2019ordine nella nazione di consegna, sia dei costi di spedizione. Inoltre, in caso di consegna fuori dallo stato italiano, saranno a carico del Cliente gli eventuali costi supplementari dovuti a imposte o tasse previste dalla normativa vigente nello Stato di destinazione. In caso di mancata consegna della merce per le suddette ragioni, Tessitura Za&amp;bel S.R.L. proceder\u00e0 al rimborso al Cliente delle somme eventualmente gi\u00e0 corrisposte.<\/p>\n\n\n\n<p><strong>Modalit\u00e0 e tempi di consegna dei prodotti<\/strong><\/p>\n\n\n\n<p>La consegna si intende eseguita quando i prodotti vengono consegnati da Tessitura Za&amp;bel S.R.L. al vettore per l\u2019inoltro al Cliente.<\/p>\n\n\n\n<p>I tempi di consegna vanno calcolati a partire dalla data di invio della e-mail di accettazione dell\u2019ordine e sono indicativi, non essenziali e comunque da considerarsi validi qualora non sussistano impedimenti o cause di forza maggiore.<\/p>\n\n\n\n<p>Nel caso di Prodotti con differenti tempi di consegna, resta inteso che sar\u00e0 presa in considerazione la data pi\u00f9 lunga, previa differenti indicazioni specificate in fase d\u2019ordine.<\/p>\n\n\n\n<p>Tessitura Za&amp;bel S.R.L. non \u00e8 responsabile dell\u2019eventuale ritardo e\/o della mancata consegna dei prodotti dovuti al vettore. Tessitura Za&amp;bel S.R.L. non \u00e8 responsabile della mancata consegna per cause imputabili al Cliente (a titolo esemplificativo: assenza del destinatario, mancato ritiro del Prodotto da parte del destinatario assente, indirizzo di consegna o numero di telefono errati, etc.). Tutti i costi aggiuntivi derivanti da complicazioni nella consegna o mancata consegna saranno in questi casi addebitati al Cliente.<\/p>\n\n\n\n<p>Il Cliente ha l\u2019obbligo di verificare, al momento della consegna da parte del vettore, l\u2019esattezza dei colli e relativo peso lordo nonch\u00e9 l\u2019integrit\u00e0 dei colli e relative merci. Il Cliente dovr\u00e0 verificare l\u2019esattezza del peso lordo indicato in bolla anche per i bancali completi.<\/p>\n\n\n\n<p>Tessitura Za&amp;bel S.R.L. dal momento della consegna al vettore non si assume responsabilit\u00e0 per la perdita o avaria dei Prodotti, salvo dolo o colpa grava.<\/p>\n\n\n\n<p>In conformit\u00e0 al documento di trasporto e\/o fattura, eventuali danni all\u2019imballo e\/o ai Prodotti o la mancata corrispondenza del numero dei colli o delle indicazioni devono essere immediatamente contestati dal Cliente, apponendo riserva scritta di controllo sulla prova di consegna del corriere con specificazione precisa del motivo della riserva. Una volta firmato il documento del vettore, il Cliente non potr\u00e0 opporre alcuna contestazione circa le caratteristiche esteriori di quanto consegnato.<\/p>\n\n\n\n<p>Senza un accordo con Tessitura Za&amp;bel S.R.L. non sar\u00e0 accettata nessuna restituzione spontanea. In caso di non conformit\u00e0 di uno o pi\u00f9 prodotti, dopo la convalida da parte di Tessitura Za&amp;bel S.R.L., il Prodotto dovr\u00e0 essere consegnato dal Cliente al vettore, cos\u00ec come ricevuto, nella sua confezione originale.<\/p>\n\n\n\n<p>E\u2019 in ogni caso \u00e8 escluso il reso di Prodotti usati e\/o lavati e\/o che non siano nella loro confezione originale.<\/p>\n\n\n\n<p><strong>Diritto di recesso<\/strong><\/p>\n\n\n\n<p>Il solo Consumatore ai sensi dell\u2019art. 3, comma I, lett. a) del Codice del Consumo (cio\u00e8 colui che acquista per scopi estranei all\u2019attivit\u00e0 imprenditoriale o commerciale o artigianale o professionale eventualmente svolta) ha diritto di recedere senza alcuna penalit\u00e0 e senza specificarne il motivo, entro il termine di 14 (quattordici) giorni decorrente dalla data di ricevimento dei Prodotti.<\/p>\n\n\n\n<p>Il diritto di recesso potr\u00e0 essere validamente esercitato soltanto se ricorreranno le seguenti condizioni:<\/p>\n\n\n\n<p>\u2013 il diritto potr\u00e0 essere esercitato esclusivamente in relazione ai Prodotti acquistati nella loro interezza;<\/p>\n\n\n\n<p>\u2013 i Prodotti acquistati dovranno essere resi nel medesimo stato in cui sono stati ricevuti, dovranno essere integri, non aver subito lavaggi e restituiti nella confezione originale sigillata, completa in tutte le sue parti (compresi imballo ed eventuale documentazione e dotazione accessoria).<\/p>\n\n\n\n<p>Il Cliente prende atto che il diritto di recesso non potr\u00e0 essere esercitato in relazione a Prodotti ordinati dal Cliente che sono stati confezionati su misura e\/o personalizzati.<\/p>\n\n\n\n<p>Qualora per effetto del recesso il Cliente debba provvedere alla restituzione dei Prodotti, quest\u2019ultima dovr\u00e0 avvenire entro 14 (quattordici) giorni dalla data di invio della comunicazione di recesso. I prodotti dovranno essere restituiti a Tessitura Za&amp;bel S.R.L. Via Massari Marzoli 13\/15 \u2013 21052 Busto Arsizio (VA).<\/p>\n\n\n\n<p>I Prodotti che non saranno restituiti nelle condizioni e secondo le modalit\u00e0 indicate non saranno accettati da Tessitura Za&amp;bel S.R.L. e, per l\u2019effetto, non saranno rimborsati. Al suo arrivo in magazzino, il prodotto sar\u00e0 esaminato e nel caso di inefficacia del diritto di recesso Tessitura Za&amp;bel S.R.L. provveder\u00e0 a restituire al Cliente i Prodotti acquistati, addebitando allo stesso le spese di spedizione.<\/p>\n\n\n\n<p>Le sole spese dovute dal Cliente per l\u2019esercizio del diritto di recesso, a norma del presente articolo, sono le spese di trasporto del Prodotto a Tessitura Za&amp;bel S.R.L..<\/p>\n\n\n\n<p>I Prodotti resi viaggeranno a rischio e pericolo del Cliente fino all\u2019attestato di avvenuto ricevimento nel magazzino di Tessitura Za&amp;bel S.R.L.. In caso di danneggiamento dei Prodotti durante il trasporto di reso, Tessitura Za&amp;bel S.R.L. dar\u00e0 comunicazione al Cliente dell\u2019accaduto e il Prodotto sar\u00e0 messo a disposizione del Cliente per la sua restituzione con conseguente inefficacia del recesso gi\u00e0 esercitato.<\/p>\n\n\n\n<p>In caso di esercizio del diritto di recesso da parte del Cliente, Tessitura Za&amp;bel S.R.L. provveder\u00e0 al rimborso del prezzo del Prodotto nel minor tempo possibile e comunque, entro il termine di 14 (quattordici) giorni dall\u2019avvenuto controllo da parte di Tessitura Za&amp;bel S.R.L. del reso\/recesso.<\/p>\n\n\n\n<p><strong>Responsabilit\u00e0 da difetto dei Prodotti, prova del danno e danni risarcibili<\/strong><\/p>\n\n\n\n<p>Tessitura Za&amp;bel S.R.L. non potr\u00e0 essere ritenuta responsabile per qualsiasi danno diretto e\/o indiretto, contrattuale e\/o extracontrattuale, subito dal Cliente derivanti da vizi e\/o da difetti del Prodotto se il difetto e\/o il vizio \u00e8 dovuto alla conformit\u00e0 del Prodotto, a una norma giuridica imperativa o a un provvedimento vincolante, ovvero se lo stato delle conoscenze scientifiche e tecniche al momento in cui il produttore ha immesso sul mercato il Prodotto, non permetteva ancora di considerare il Prodotto come difettoso e\/o viziato. Resta intesto che nessun risarcimento sar\u00e0 dovuto qualora il Cliente sia consapevole del difetto e\/o vizio del Prodotto e del pericolo che ne derivava e nondimeno vi si sia volontariamente esposto. In ogni caso il Cliente ha l\u2019onere di provare il difetto e\/o il vizio del Prodotto acquistato, il danno e la connessione causale tra difetto e danno subito. Il Cliente \u00e8 consapevole del fatto che i Prodotti ordinati sono descritti e foto-riprodotti nel Sito Web, pertanto, tollerer\u00e0 le normali differenze e distonie di colore dei Prodotti che gli verranno consegnati rispetto ai Prodotti visionati nel Sito Web.<\/p>\n\n\n\n<p><strong>Garanzia dei prodotti<\/strong><\/p>\n\n\n\n<p>Tutti i prodotti venduti da Tessitura Za&amp;bel S.R.L. sono coperti, per i soli Consumatori, dalla garanzia legale di 24 mesi per i difetti di conformit\u00e0, ai sensi degli artt. 128 ss. d.lgs. n. 206\/2005 (Codice del consumo). Per fruire dell\u2019assistenza in garanzia, il Consumatore dovr\u00e0 conservare la fattura che ricever\u00e0 alla consegna dei Prodotti. All\u2019arrivo della merce, il Consumatore avr\u00e0 l\u2019onere di esaminare i Prodotti nel pi\u00f9 breve tempo possibile e, a pena di decadenza dalla presente garanzia, di denunciare eventuali difetti e non conformit\u00e0 entro e non oltre 2 (due) mesi dalla scoperta mediante raccomandata A.R. all\u2019indirizzo Tessitura Za&amp;bel S.R.L. Via Massari Marzoli 13\/15 \u2013 21052 Busto Arsizio (VA), contenente indicazione precisa del difetto e\/o della non conformit\u00e0 riscontrati, documentazione attestante il difetto e\/o la non conformit\u00e0 dei prodotti, la conferma dell\u2019ordine trasmessa dal Venditore e la fattura.<\/p>\n\n\n\n<p>A seguito del ricevimento della comunicazione e della relativa documentazione, Tessitura Za&amp;bel S.R.L. valuter\u00e0 i difetti e le non conformit\u00e0 denunciati dal Consumatore e, dopo avere effettuato i controlli qualitativi atti a verificare l\u2019effettiva non conformit\u00e0 del Prodotto, decider\u00e0, a propria discrezione, se autorizzare la restituzione dei Prodotti fornendo al Consumatore un riscontro via posta elettronica all\u2019indirizzo fornito da quest\u2019ultimo nel corso del processo di registrazione al Sito. L\u2019autorizzazione a restituire i Prodotti non costituisce in alcun modo riconoscimento di difetti o non conformit\u00e0, la cui esistenza dovr\u00e0 essere successivamente accertata alla restituzione. Qualora, a seguito di detto accertamento, i Prodotti risultassero non coperti da garanzia, gli stessi saranno rimessi nella disponibilit\u00e0 del Cliente con addebito allo stesso delle spese di spedizione.<\/p>\n\n\n\n<p>I Prodotti di cui Tessitura Za&amp;bel S.R.L. abbia autorizzato la restituzione dovranno essere resi dal Consumatore, unitamente a copia della comunicazione di autorizzazione alla restituzione, entro 30 (trenta) giorni dalla denuncia del difetto o della non conformit\u00e0, al seguente indirizzo: Tessitura Za&amp;bel S.R.L. Via Massari Marzoli 13\/15 \u2013 21052 Busto Arsizio (VA).<\/p>\n\n\n\n<p>\u00c8 esclusa l\u2019applicazione di qualsiasi garanzia in caso di utilizzo o lavaggio del Prodotto non conforme a quello proprio del Prodotto e alle istruzioni\/avvertenze in merito fornite ovvero riportate nella documentazione illustrativa di riferimento, nei cartellini o nelle etichette.<\/p>\n\n\n\n<p>In caso di difetto di conformit\u00e0, il Consumatore avr\u00e0 diritto a termini di legge al ripristino senza spese della conformit\u00e0 del prodotto mediante riparazione o sostituzione ovvero ad una adeguata riduzione del prezzo o alla risoluzione del contratto. I tempi di sostituzione del prodotto dipenderanno esclusivamente dalla disponibilit\u00e0 del medesimo presso i magazzini di Tessitura Za&amp;bel S.R.L..<\/p>\n\n\n\n<p>Nel caso in cui, per qualsiasi ragione, non fosse in grado di rendere al proprio Cliente un Prodotto in garanzia (sostituire), Tessitura Za&amp;bel S.R.L. proceder\u00e0 alla restituzione dell\u2019intero importo pagato oppure alla sua sostituzione con un Prodotto di caratteristiche pari o superiori.<\/p>\n\n\n\n<p><strong>Reclami e contatti<\/strong><\/p>\n\n\n\n<p>Per qualsiasi informazione \u00e8 possibile rivolgersi a:<br>Sede operativa: Tessitura Za&amp;bel S.R.L. Via Massari Marzoli 13\/15 \u2013 21052 Busto Arsizio (VA), Italia.<\/p>\n\n\n\n<p>Telefono: 0331 341480<\/p>\n\n\n\n<p>E-mail per informazioni commerciali e reclami: <span \n                data-original-string='iwXhZZu6Hy+1boIF0IQRqQ==f47Xg6jU5N2bmbueaLutC7blw=='\n                class='apbct-email-encoder'\n                title='This contact has been encoded by Anti-Spam by CleanTalk. Click to decode. To finish the decoding make sure that JavaScript is enabled in your browser.'>in<span class=\"apbct-blur\">**<\/span>@<span class=\"apbct-blur\">****<\/span>el.it<\/span><\/p>\n\n\n\n<p>PEC: <span \n                data-original-string='EwPqGP2jgq2n4dgr5hOBaw==f47z9nTqLxor5TsykfYATGegA=='\n                class='apbct-email-encoder'\n                title='This contact has been encoded by Anti-Spam by CleanTalk. Click to decode. To finish the decoding make sure that JavaScript is enabled in your browser.'>za<span class=\"apbct-blur\">****<\/span>@<span class=\"apbct-blur\">*<\/span>ec.it<\/span><\/p>\n\n\n\n<p>Sito web: shop.zaebel.it<\/p>\n\n\n\n<p><strong>Modalit\u00e0 di pagamento e rimborsi<\/strong><\/p>\n\n\n\n<p>I Prodotti acquistati dal Cliente attraverso il Sito possono essere pagati alternativamente con:<\/p>\n\n\n\n<p>Carta di credito\/debito tramite Stripe<br>Google Pay e Apple Pay tramite Stripe<br>Paypal<br>Se il Cliente ha scelto di acquistare attraverso le modalit\u00e0 di pagamento Paypal, Google Pay e Apple Pay, alla conclusione dell\u2019ordine viene indirizzato alla pagina di login di Paypal o alla conferma di pagamento di Google e Apple e il pagamento viene gestito in base alle norme che disciplinano il rapporto del Cliente con PayPal, Google o Apple al quale Tessitura Za&amp;bel S.R.L. \u00e8 completamente estranea.<\/p>\n\n\n\n<p>Il Cliente prende atto ed accetta quanto indicato in merito alle modalit\u00e0 di pagamento esonerando Tessitura Za&amp;bel S.R.L. da eventuali responsabilit\u00e0.<\/p>\n\n\n\n<p>Qualunque sia la modalit\u00e0 di pagamento scelta dal Cliente, qualora Tessitura Za&amp;bel S.R.L. non riceva il pagamento entro 7 (sette) giorni lavorativi dalla data di inoltro dell\u2019ordine da parte del Cliente questo dovr\u00e0 ritenersi annullato per entrambi.<\/p>\n\n\n\n<p>Qualora ne ricorrano le condizioni, per gli acquisti effettuati scegliendo come modalit\u00e0 di pagamento Paypal, il rimborso avverr\u00e0 tramite PayPal. Per gli acquisti effettuati tramite bonifico bancario, il rimborso avverr\u00e0 tramite bonifico bancario alle coordinate bancarie che il Cliente avr\u00e0 cura di indicare nella richiesta di rimborso.<\/p>\n\n\n\n<p><strong>Tutela della Riservatezza e dei Dati Personali del Cliente<\/strong><\/p>\n\n\n\n<p>Tessitura Za&amp;bel S.R.L. tutela la privacy dei propri Clienti e garantisce che il trattamento dei dati \u00e8 eseguito in conformit\u00e0 a quanto previsto dalla normativa sulla privacy. Il Cliente viene informato dei diversi tipi di consenso all\u2019uso dei propri dati personali, che potr\u00e0 rilasciare su base volontaria e in modo sempre revocabile, prendendo visione della sezione presente nel Sito Web appositamente dedicata a tale fine.<\/p>\n\n\n\n<p><strong>Legge applicabile e foro competente<\/strong><\/p>\n\n\n\n<p>Le presenti condizioni generali sono regolate dalla legge italiana.<\/p>","protected":false},"excerpt":{"rendered":"<p>Le presenti condizioni generali di vendita (d\u2019ora in poi per brevit\u00e0 anche CGV) disciplinano gli acquisti a distanza dei Prodotti [&hellip;]<\/p>","protected":false},"author":29,"featured_media":0,"parent":0,"menu_order":0,"comment_status":"closed","ping_status":"closed","template":"","meta":{"footnotes":""},"class_list":["post-377","page","type-page","status-publish","hentry"],"jetpack_sharing_enabled":true,"_links":{"self":[{"href":"https:\/\/shop.zaebel.it\/en\/wp-json\/wp\/v2\/pages\/377","targetHints":{"allow":["GET"]}}],"collection":[{"href":"https:\/\/shop.zaebel.it\/en\/wp-json\/wp\/v2\/pages"}],"about":[{"href":"https:\/\/shop.zaebel.it\/en\/wp-json\/wp\/v2\/types\/page"}],"author":[{"embeddable":true,"href":"https:\/\/shop.zaebel.it\/en\/wp-json\/wp\/v2\/users\/29"}],"replies":[{"embeddable":true,"href":"https:\/\/shop.zaebel.it\/en\/wp-json\/wp\/v2\/comments?post=377"}],"version-history":[{"count":4,"href":"https:\/\/shop.zaebel.it\/en\/wp-json\/wp\/v2\/pages\/377\/revisions"}],"predecessor-version":[{"id":2964,"href":"https:\/\/shop.zaebel.it\/en\/wp-json\/wp\/v2\/pages\/377\/revisions\/2964"}],"wp:attachment":[{"href":"https:\/\/shop.zaebel.it\/en\/wp-json\/wp\/v2\/media?parent=377"}],"curies":[{"name":"wp","href":"https:\/\/api.w.org\/{rel}","templated":true}]}}